{"id":438,"date":"2018-08-01T12:01:51","date_gmt":"2018-08-01T12:01:51","guid":{"rendered":"http:\/\/coachingandfamily.com\/?page_id=438"},"modified":"2018-08-31T09:00:46","modified_gmt":"2018-08-31T09:00:46","slug":"base-de-connaissances","status":"publish","type":"page","link":"https:\/\/coachingandfamily.com\/fr\/base-de-connaissances\/","title":{"rendered":"BASE DE CONNAISSANCES"},"content":{"rendered":"<div id=\"cs-content\" class=\"cs-content\"><\/div>\n","protected":false},"excerpt":{"rendered":"<p>BASE DE CONNAISSANCES Parenting &nbsp;Coaching Parenting Coaching Article of Psychology Today about teenergers brain: https:\/\/www.psychologytoday.com\/us\/blog\/health-matters\/201006\/the-teenagers-brainArticle of Psychology Today about a research about digital addiction of children https:\/\/www.psychologytoday.com\/us\/blog\/media-spotlight\/201711\/does-your-child-have-digital-addictionArticle of Psychology Today about empathy with teens https:\/\/www.psychologytoday.com\/us\/blog\/surviving-your-childs-adolescence\/201806\/adolescence-and-the-power-empathyPr\u00e9sentation d&rsquo; Isabelle Filliozat: Pas facile d&rsquo;\u00eatre parents (vid\u00e9o youtube, 52 min.) https:\/\/www.youtube.com\/watch?v=YUWJYS_EbvYConf\u00e9rence d&rsquo;Isabelle Filliozat sur les \u00e9motions des enfants (vid\u00e9o youtube 1.30 heures) https:\/\/www.youtube.com\/watch?v=DDtwnj60rbMArticle of &#8230; <\/p>\n<div><a href=\"https:\/\/coachingandfamily.com\/fr\/base-de-connaissances\/\" class=\"more-link\">Read More<\/a><\/div>\n","protected":false},"author":3,"featured_media":0,"parent":0,"menu_order":0,"comment_status":"closed","ping_status":"closed","template":"template-blank-4.php","meta":{"_exactmetrics_skip_tracking":false,"_exactmetrics_sitenote_active":false,"_exactmetrics_sitenote_note":"","_exactmetrics_sitenote_category":0,"footnotes":""},"class_list":["post-438","page","type-page","status-publish","hentry","no-post-thumbnail"],"_links":{"self":[{"href":"https:\/\/coachingandfamily.com\/fr\/wp-json\/wp\/v2\/pages\/438","targetHints":{"allow":["GET"]}}],"collection":[{"href":"https:\/\/coachingandfamily.com\/fr\/wp-json\/wp\/v2\/pages"}],"about":[{"href":"https:\/\/coachingandfamily.com\/fr\/wp-json\/wp\/v2\/types\/page"}],"author":[{"embeddable":true,"href":"https:\/\/coachingandfamily.com\/fr\/wp-json\/wp\/v2\/users\/3"}],"replies":[{"embeddable":true,"href":"https:\/\/coachingandfamily.com\/fr\/wp-json\/wp\/v2\/comments?post=438"}],"version-history":[{"count":0,"href":"https:\/\/coachingandfamily.com\/fr\/wp-json\/wp\/v2\/pages\/438\/revisions"}],"wp:attachment":[{"href":"https:\/\/coachingandfamily.com\/fr\/wp-json\/wp\/v2\/media?parent=438"}],"curies":[{"name":"wp","href":"https:\/\/api.w.org\/{rel}","templated":true}]}}