{"id":377,"date":"2018-07-24T08:46:28","date_gmt":"2018-07-24T08:46:28","guid":{"rendered":"http:\/\/coachingandfamily.com\/?page_id=377"},"modified":"2026-02-16T10:13:35","modified_gmt":"2026-02-16T10:13:35","slug":"about","status":"publish","type":"page","link":"https:\/\/coachingandfamily.com\/fr\/about\/","title":{"rendered":"A PROPOS DE MOI"},"content":{"rendered":"<div id=\"cs-content\" class=\"cs-content\"><div class=\"x-section x-hide-sm x-hide-xs e377-e1 mah-0 mah-1 mah-2 mah-3 mah-4\"><div class=\"x-container max width e377-e2 mah-8 mah-9\"><div class=\"x-column x-sm x-1-1 e377-e3 mah-b mah-c\"><blockquote class=\"x-quote e377-e4 mah-e mah-f\"><div class=\"x-quote-content\"><div class=\"x-quote-text\">\n<p>\u00ab Nos sentiments sont nos v\u00e9rit\u00e9s \u00bb<\/p><\/div><footer class=\"x-quote-cite\"><span class=\"x-quote-cite-text\">(Neale Donald Walsch)<\/span><\/footer><\/div><\/blockquote><\/div><\/div><\/div><div class=\"x-section x-hide-lg x-hide-md x-hide-xl e377-e5 mah-0 mah-1 mah-3 mah-4 mah-5\"><div class=\"x-container max width e377-e6 mah-8 mah-9\"><div class=\"x-column x-sm x-1-1 e377-e7 mah-b mah-c\"><blockquote class=\"x-quote e377-e8 mah-e mah-g\"><div class=\"x-quote-content\"><div class=\"x-quote-text\">\n<p>\u00ab Nos sentiments sont nos v\u00e9rit\u00e9s \u00bb<\/p><\/div><footer class=\"x-quote-cite\"><span class=\"x-quote-cite-text\">(Neale Donald Walsch)<\/span><\/footer><\/div><\/blockquote><\/div><\/div><\/div><div class=\"x-section e377-e9 mah-0 mah-6 mah-7\"><div class=\"x-row x-container max width e377-e10 mah-h mah-i mah-k mah-l\"><div class=\"x-row-inner\"><div class=\"x-col e377-e11 mah-o\"><img decoding=\"async\"  class=\"x-img x-img-none\" style=\"margin-top:-60px;\" src=\"https:\/\/coachingandfamily.com\/wp-content\/uploads\/2019\/06\/286_Csonkareti_1808_nnfoto2.jpg\" ><\/div><div class=\"x-col e377-e13 mah-o\"><div class=\"x-text x-content e377-e14 mah-p mah-q mah-r mah-s mah-t mah-u mah-v\"><p><span>Bienvenu!<\/span><\/p><\/div><div class=\"x-text x-content e377-e15 mah-p mah-q mah-t mah-u mah-v mah-w mah-x\"><p><strong>Je m\u2019appelle Hajnalka Szenner.<\/strong><\/p>\n\n<div>\n<div><span>Je suis n\u00e9e en Hongrie et je suis professeur de lyc\u00e9e dipl\u00f4m\u00e9e. J<\/span><span>'ai toujours eu une passion pour la psychologie, pour l\u2019enseignement et j\u2019ai toujours senti le besoin de travailler avec les gens, surtout avec les enfants.<\/span><\/div>\n<div><span>Apr\u00e8s un d\u00e9tour par la traduction, j'<\/span><span>ai ressenti ces derni\u00e8res ann\u00e9es le besoin de revenir \u00e0 ma passion\u00a0: travailler avec les autres. C<\/span><span>'est dans le domaine de la sant\u00e9 mentale que j'<\/span><span>ai trouv\u00e9 ma v\u00e9ritable identit\u00e9 professionnelle.<\/span><\/div>\n<br \/>\n\n<div><span>\u00c0 la suite d<\/span><span>'un travail int\u00e9rieur intense, j'<\/span><span>ai red\u00e9couvert mes passions, mes forces et j\u2019ai trouv\u00e9 une nouvelle vocation. J<\/span><span>'ai commenc\u00e9 \u00e0 apprendre le counselling, le coaching et l\u2019\u00e9ducation positive.<\/span><\/div>\n<div><span>J'<\/span><span>ai deux enfants qui m<\/span><span>'ont appris beaucoup sur moi et sur les relations humaines. Avec eux, et \u00e0 gr\u00e2ce \u00e1 eux, j'<\/span><span>ai appris et J<\/span><span>'apprends toujours la communication bienveillante et je vois ses avantages dans notre vie.<\/span><\/div>\n<br \/>\n\n<\/div><\/div><\/div><\/div><\/div><div class=\"x-section x-hide-sm x-hide-xs e377-e16 mah-0 mah-4 mah-6\"><div class=\"x-bg\" aria-hidden=\"true\"><div class=\"x-bg-layer-lower-image\" style=\" background-image: url(https:\/\/coachingandfamily.com\/wp-content\/uploads\/2018\/06\/sargahatter-1.png); background-repeat: no-repeat; background-position: left 100%; background-size: 1000px 300px;\"><\/div><\/div><div class=\"x-container max width e377-e17 mah-8 mah-a\"><\/div><div class=\"x-container max width e377-e18 mah-8 mah-9\"><div class=\"x-column x-sm x-1-1 e377-e19 mah-b mah-d\"><span class=\"x-image e377-e20 mah-18 mah-19 block\"><img decoding=\"async\" src=\"https:\/\/coachingandfamily.com\/wp-content\/uploads\/2018\/06\/Path-gr.svg\" width=\"60\" height=\"7\" alt=\"Image\" loading=\"lazy\"><\/span><div class=\"x-text x-content e377-e21 mah-q mah-s mah-t mah-u mah-x mah-y mah-z mah-10 mah-11\">De ce fait je me sens fortement engag\u00e9e \u00e0 transmettre cette connaissance \u00e0 d'autres parents et \u00e0 leur montrer son potentiel dans la vie de tous les jours. <strong>Je suis convaincue que cette m\u00e9thode peut les aider \u00e0 r\u00e9\u00e9crire les anciens sch\u00e9mas de communication et \u00e0 \u00e9tablir les bases de l'intelligence \u00e9motionnelle et sociale de leurs enfants.<\/strong><\/div><a class=\"x-anchor x-anchor-button has-graphic e377-e22 mah-1b mah-1c mah-1d gomb\" tabindex=\"0\" href=\"https:\/\/coachingandfamily.com\/fr\/courses\/\"><div class=\"x-anchor-content\"><span class=\"x-graphic\" aria-hidden=\"true\"><span class=\"x-image x-graphic-child x-graphic-image x-graphic-primary\"><img decoding=\"async\" src=\"https:\/\/coachingandfamily.com\/wp-content\/uploads\/2018\/07\/Triangle-white-1.png\" width=\"37\" height=\"37\" alt=\"Image\" loading=\"lazy\"><\/span><\/span><div class=\"x-anchor-text\"><span class=\"x-anchor-text-primary\">Ateliers \u00e0 venir<\/span><\/div><\/div><\/a><\/div><\/div><\/div><div class=\"x-section e377-e23 mah-0 mah-4 mah-6\"><div class=\"x-bg\" aria-hidden=\"true\"><div class=\"x-bg-layer-lower-image\" style=\" background-image: url(https:\/\/coachingandfamily.com\/wp-content\/uploads\/2018\/07\/fullsizeoutput_75db.jpg); background-repeat: no-repeat; background-position: center; background-size: cover;\"><\/div><\/div><div class=\"x-row x-container max width e377-e24 mah-h mah-j mah-k mah-m\"><div class=\"x-row-inner\"><div class=\"x-col e377-e25 mah-o\"><hr class=\"x-line e377-e26 mah-1g\"\/><\/div><\/div><\/div><\/div><div class=\"x-section x-hide-sm x-hide-xs e377-e27 mah-0 mah-6 mah-7\"><div class=\"x-row x-container max width e377-e28 mah-h mah-j mah-k mah-n\"><div class=\"x-row-inner\"><div class=\"x-col e377-e29 mah-o\"><span class=\"x-image e377-e30 mah-18 mah-1a block\"><img decoding=\"async\" src=\"https:\/\/coachingandfamily.com\/wp-content\/uploads\/2018\/06\/Path-ppl.svg\" width=\"60\" height=\"7\" alt=\"Image\" loading=\"lazy\"><\/span><div class=\"x-text x-content e377-e31 mah-q mah-s mah-t mah-u mah-x mah-y mah-10 mah-11 mah-12 mah-13\"><p>En tant que coach, je mets l'accent sur le caract\u00e8re unique de l'histoire de chacun et sur l'importance de la reconnexion avec nos propres ressources et \u00e9motions. Je suis convaincue que le d\u00e9veloppement de l'intelligence \u00e9motionnelle peut nous aider \u00e0 am\u00e9liorer la qualit\u00e9 de notre vie et de nos relations.\u00a0<strong>Je crois que nos sentiments peuvent nous aider \u00e0 traverser la vie et qu'ils constituent notre v\u00e9rit\u00e9.<\/strong><\/p>\n<\/div><div class=\"x-text x-content e377-e32 mah-q mah-s mah-t mah-u mah-x mah-y mah-10 mah-11 mah-12 mah-13\">Je travaille beaucoup avec des personnes hypersensibles, surtout avec les enfants. \u00c9tant l'une d'entre elles, je consid\u00e8re que ma mission est de leur montrer que ce fonctionnement particulier peut \u00eatre une b\u00e9n\u00e9diction si l'on apprend \u00e0 l'utiliser. Et je suis reconnaissante que ma sensibilit\u00e9 m'accompagne et m'aide chaque jour dans mon travail.<\/div><a class=\"x-anchor x-anchor-button has-graphic e377-e33 mah-1c mah-1d mah-1e gomb\" tabindex=\"0\" href=\"https:\/\/coachingandfamily.com\/fr\/coaching\/\"><div class=\"x-anchor-content\"><span class=\"x-graphic\" aria-hidden=\"true\"><span class=\"x-image x-graphic-child x-graphic-image x-graphic-primary\"><img decoding=\"async\" src=\"https:\/\/coachingandfamily.com\/wp-content\/uploads\/2018\/07\/Triangle-white-1.png\" width=\"37\" height=\"37\" alt=\"Image\" loading=\"lazy\"><\/span><\/span><div class=\"x-anchor-text\"><span class=\"x-anchor-text-primary\">En savoir plus sur le coaching<\/span><\/div><\/div><\/a><div class=\"x-text x-text-headline e377-e34 mah-1h\"><div class=\"x-text-content\"><div class=\"x-text-content-text\"><h1 class=\"x-text-content-text-primary\">Titres de qualifications<\/h1>\n<\/div><\/div><\/div><div class=\"x-text x-content x-hide-sm x-hide-xs e377-e35 mah-q mah-s mah-u mah-x mah-y mah-10 mah-11 mah-13 mah-14 mah-15\"><p style=\"text-align: center;\">Dipl\u00f4me universitaire de lettres fran\u00e7aises et italiennes, Hongrie<br \/>\nDipl\u00f4me de Counseling Th\u00e9rapeutique Professionnel, Angleterre<br \/>\nDipl\u00f4me Counseling pour enfants et adolescents, Angleterre<br \/>\nDipl\u00f4me de coach de vie, Belgique<br \/>\nS + EI (intelligence sociale et \u00e9motionnelle) Dipl\u00f4me de coach certifi\u00e9, USA<br \/>\n\u00a0 \u00a0 \u00a0 Certificat d\u2019animateur en communication non violente avec les enfants, France<\/p>\n<p>Formation \u00ab Diagnostiquer et traiter le burn-out parental \u00bb, Belgique<br \/>\nFormation \u00ab Sp\u00e9cialiste de constellations familiales syst\u00e9miques \u00bb, Belgique<br \/>\nCoaching de couple<\/p><\/div><\/div><\/div><\/div><\/div><div class=\"x-section x-hide-lg x-hide-md x-hide-xl e377-e36 mah-0 mah-4 mah-6\"><div class=\"x-container max width e377-e37 mah-8 mah-9\"><div class=\"x-column x-sm x-1-1 e377-e38 mah-b mah-c\"><span class=\"x-image e377-e39 mah-18 mah-1a block\"><img decoding=\"async\" src=\"https:\/\/coachingandfamily.com\/wp-content\/uploads\/2018\/06\/Path-ppl.svg\" width=\"60\" height=\"7\" alt=\"Image\" loading=\"lazy\"><\/span><div class=\"x-text x-content e377-e40 mah-p mah-q mah-s mah-t mah-u mah-v mah-x mah-13 mah-16\"><p style=\"text-align: center;\">En tant que coach, je mets l'accent sur le caract\u00e8re unique de l'histoire de chacun et sur l'importance de la reconnexion avec nos propres ressources et \u00e9motions. Je suis convaincue que le d\u00e9veloppement de l'intelligence \u00e9motionnelle peut nous aider \u00e0 am\u00e9liorer la qualit\u00e9 de notre vie et de nos relations.\u00a0<strong>Je crois que nos sentiments peuvent nous aider \u00e0 traverser la vie et qu'ils constituent notre v\u00e9rit\u00e9.<\/strong><\/p>\n<\/div><div class=\"x-text x-content e377-e41 mah-p mah-q mah-s mah-t mah-u mah-v mah-x mah-13 mah-16\">\n<div style=\"text-align: center;\"><\/div>\n<div style=\"text-align: center;\"><span>Je travaille beaucoup avec des personnes hypersensibles, surtout avec les enfants.<\/span><\/div>\n<div style=\"text-align: center;\"><span>\u00c9tant l'<\/span><span>une d<\/span><span>'entre elles, je consid\u00e8re que ma mission est de leur montrer que ce fonctionnement particulier peut \u00eatre une b\u00e9n\u00e9diction si l'on apprend \u00e0 l'<\/span><span>utiliser.<\/span><\/div>\n<div style=\"text-align: center;\"><span>Et je suis reconnaissante d\u2019avoir cette sensibilit\u00e9 qui m<\/span><span>'accompagne et m'<\/span><span>aide chaque jour dans mon travail.<\/span><\/div><\/div><a class=\"x-anchor x-anchor-button has-graphic e377-e42 mah-1c mah-1e mah-1f gomb\" tabindex=\"0\" href=\"https:\/\/coachingandfamily.com\/fr\/coaching\/\"><div class=\"x-anchor-content\"><span class=\"x-graphic\" aria-hidden=\"true\"><span class=\"x-image x-graphic-child x-graphic-image x-graphic-primary\"><img decoding=\"async\" src=\"https:\/\/coachingandfamily.com\/wp-content\/uploads\/2018\/07\/Triangle-white-1.png\" width=\"37\" height=\"37\" alt=\"Image\" loading=\"lazy\"><\/span><\/span><div class=\"x-anchor-text\"><span class=\"x-anchor-text-primary\">En savoir plus sur le coaching<\/span><\/div><\/div><\/a><div class=\"x-text x-text-headline e377-e43 mah-1h\"><div class=\"x-text-content\"><div class=\"x-text-content-text\"><h1 class=\"x-text-content-text-primary\">Titres de qualifications<\/h1>\n<\/div><\/div><\/div><div class=\"x-text x-content e377-e44 mah-p mah-q mah-s mah-u mah-x mah-10 mah-11 mah-13 mah-15\"><p style=\"text-align: center;\">Dipl\u00f4me universitaire de lettres fran\u00e7aises et italiennes, Hongrie<br \/>\nDipl\u00f4me de Counseling Th\u00e9rapeutique Professionnel, Angleterre<br \/>\nDipl\u00f4me Counseling pour enfants et adolescents, Angleterre<br \/>\nDipl\u00f4me de coach de vie, Belgique<br \/>\nS + EI (intelligence sociale et \u00e9motionnelle) Dipl\u00f4me de coach certifi\u00e9, USA<br \/>\n\u00a0 \u00a0 \u00a0 Certificat d\u2019animateur en communication non violente avec les enfants, France<br \/>\n<br \/>\nFormation \u00ab Diagnostiquer et traiter le burn-out parental \u00bb, Belgique<br \/>\nFormation \u00ab Sp\u00e9cialiste de constellations familiales syst\u00e9miques \u00bb, Belgique<br>\n  Coaching de couple<\/p><\/div><\/div><\/div><\/div><div class=\"x-section e377-e45 mah-0 mah-3 mah-4 mah-6\"><div class=\"x-container max width e377-e46 mah-8 mah-9\"><div class=\"x-column x-sm x-1-1 e377-e47 mah-b mah-c\"><div class=\"x-text x-content e377-e48 mah-p mah-q mah-t mah-w mah-11 mah-17 noitalic blue\"><p class=\"lila\">Avez vous des questions?\nConsultez la <a href=\"https:\/\/coachingandfamily.com\/fr\/faq\/\"><strong>Page FAQ<\/strong><\/a><\/p> or <a href=\"https:\/\/coachingandfamily.com\/fr\/contact\/\"><strong>Entrer en contact.<\/strong><\/a><\/p><\/div><\/div><\/div><\/div><\/div>\n","protected":false},"excerpt":{"rendered":"<p>\u00ab Nos sentiments sont nos v\u00e9rit\u00e9s \u00bb(Neale Donald Walsch) \u00ab Nos sentiments sont nos v\u00e9rit\u00e9s \u00bb(Neale Donald Walsch)Bienvenu!Je m\u2019appelle Hajnalka Szenner. Je suis n\u00e9e en Hongrie et je suis professeur de lyc\u00e9e dipl\u00f4m\u00e9e. J&rsquo;ai toujours eu une passion pour la psychologie, pour l\u2019enseignement et j\u2019ai toujours senti le besoin de travailler avec les gens, surtout avec les enfants. Apr\u00e8s un &#8230; <\/p>\n<div><a href=\"https:\/\/coachingandfamily.com\/fr\/about\/\" class=\"more-link\">Read More<\/a><\/div>\n","protected":false},"author":3,"featured_media":0,"parent":0,"menu_order":0,"comment_status":"closed","ping_status":"closed","template":"template-blank-4.php","meta":{"_exactmetrics_skip_tracking":false,"_exactmetrics_sitenote_active":false,"_exactmetrics_sitenote_note":"","_exactmetrics_sitenote_category":0,"footnotes":""},"class_list":["post-377","page","type-page","status-publish","hentry","no-post-thumbnail"],"_links":{"self":[{"href":"https:\/\/coachingandfamily.com\/fr\/wp-json\/wp\/v2\/pages\/377","targetHints":{"allow":["GET"]}}],"collection":[{"href":"https:\/\/coachingandfamily.com\/fr\/wp-json\/wp\/v2\/pages"}],"about":[{"href":"https:\/\/coachingandfamily.com\/fr\/wp-json\/wp\/v2\/types\/page"}],"author":[{"embeddable":true,"href":"https:\/\/coachingandfamily.com\/fr\/wp-json\/wp\/v2\/users\/3"}],"replies":[{"embeddable":true,"href":"https:\/\/coachingandfamily.com\/fr\/wp-json\/wp\/v2\/comments?post=377"}],"version-history":[{"count":22,"href":"https:\/\/coachingandfamily.com\/fr\/wp-json\/wp\/v2\/pages\/377\/revisions"}],"predecessor-version":[{"id":1427,"href":"https:\/\/coachingandfamily.com\/fr\/wp-json\/wp\/v2\/pages\/377\/revisions\/1427"}],"wp:attachment":[{"href":"https:\/\/coachingandfamily.com\/fr\/wp-json\/wp\/v2\/media?parent=377"}],"curies":[{"name":"wp","href":"https:\/\/api.w.org\/{rel}","templated":true}]}}