{"id":374,"date":"2018-07-24T08:49:21","date_gmt":"2018-07-24T08:49:21","guid":{"rendered":"http:\/\/coachingandfamily.com\/?page_id=374"},"modified":"2023-10-08T16:58:03","modified_gmt":"2023-10-08T16:58:03","slug":"courses","status":"publish","type":"page","link":"https:\/\/coachingandfamily.com\/fr\/courses\/","title":{"rendered":"Courses"},"content":{"rendered":"<div id=\"cs-content\" class=\"cs-content\"><\/div>\n","protected":false},"excerpt":{"rendered":"<p>\u00ab Traitez un enfant comme s&rsquo;il \u00e9tait d\u00e9j\u00e0 la personne qu&rsquo;il est capable de devenir. \u00bb- Dr Haim G. Ginott\u00ab Traitez un enfant comme s&rsquo;il \u00e9tait d\u00e9j\u00e0 la personne qu&rsquo;il est capable de devenir. \u00bb- Dr Haim G. Ginott&nbsp;Les programmes de formation cr\u00e9\u00e9s par l&rsquo;organisation fran\u00e7aise l&rsquo;Atelier des Parents r\u00e9unissent\u00a0les nouveaux d\u00e9veloppements en neurosciences, intelligence \u00e9motionnelle et communication bienveillante. Les &#8230; <\/p>\n<div><a href=\"https:\/\/coachingandfamily.com\/fr\/atelier-5-communication-bienveillante-pour-les-professionnels-de-la-petite-enfance\/\" class=\"more-link\">Read More<\/a><\/div>\n","protected":false},"author":3,"featured_media":0,"parent":0,"menu_order":0,"comment_status":"closed","ping_status":"closed","template":"template-blank-4.php","meta":{"_exactmetrics_skip_tracking":false,"_exactmetrics_sitenote_active":false,"_exactmetrics_sitenote_note":"","_exactmetrics_sitenote_category":0,"footnotes":""},"class_list":["post-374","page","type-page","status-publish","hentry","no-post-thumbnail"],"_links":{"self":[{"href":"https:\/\/coachingandfamily.com\/fr\/wp-json\/wp\/v2\/pages\/374","targetHints":{"allow":["GET"]}}],"collection":[{"href":"https:\/\/coachingandfamily.com\/fr\/wp-json\/wp\/v2\/pages"}],"about":[{"href":"https:\/\/coachingandfamily.com\/fr\/wp-json\/wp\/v2\/types\/page"}],"author":[{"embeddable":true,"href":"https:\/\/coachingandfamily.com\/fr\/wp-json\/wp\/v2\/users\/3"}],"replies":[{"embeddable":true,"href":"https:\/\/coachingandfamily.com\/fr\/wp-json\/wp\/v2\/comments?post=374"}],"version-history":[{"count":14,"href":"https:\/\/coachingandfamily.com\/fr\/wp-json\/wp\/v2\/pages\/374\/revisions"}],"predecessor-version":[{"id":1344,"href":"https:\/\/coachingandfamily.com\/fr\/wp-json\/wp\/v2\/pages\/374\/revisions\/1344"}],"wp:attachment":[{"href":"https:\/\/coachingandfamily.com\/fr\/wp-json\/wp\/v2\/media?parent=374"}],"curies":[{"name":"wp","href":"https:\/\/api.w.org\/{rel}","templated":true}]}}