{"id":1163,"date":"2022-03-31T09:05:12","date_gmt":"2022-03-31T09:05:12","guid":{"rendered":"http:\/\/coachingandfamily.com\/family-constellation\/"},"modified":"2023-09-25T17:20:37","modified_gmt":"2023-09-25T17:20:37","slug":"constellation-familiale","status":"publish","type":"page","link":"https:\/\/coachingandfamily.com\/fr\/constellation-familiale\/","title":{"rendered":"Constellation familiale"},"content":{"rendered":"<div id=\"cs-content\" class=\"cs-content\"><\/div>\n","protected":false},"excerpt":{"rendered":"<p>\u201c\u00a0L\u2019ETRE HUMAIN NE NAIT PAS TABULA RASA \u201c &#8211; Carl Gustav Jung\u201c\u00a0L\u2019ETRE HUMAIN NE NAIT PAS TABULA RASA \u201c &#8211; Carl Gustav Jung&nbsp;&nbsp;Constellation familiale La\u00a0constellation familiale\u00a0et syst\u00e9mique\u00a0est une m\u00e9thode de\u00a0th\u00e9rapie familiale\u00a0transg\u00e9n\u00e9rationnelle fond\u00e9e par Bert Hellinger. La constellation familiale est une th\u00e9rapie br\u00e8ve qui peut se pratiquer en groupe ou en session individuelle. Les repr\u00e9sentants sont remplac\u00e9s par des figurines ou &#8230; <\/p>\n<div><a href=\"https:\/\/coachingandfamily.com\/fr\/constellation-familiale\/\" class=\"more-link\">Read More<\/a><\/div>\n","protected":false},"author":6,"featured_media":0,"parent":0,"menu_order":0,"comment_status":"closed","ping_status":"closed","template":"template-blank-4.php","meta":{"_exactmetrics_skip_tracking":false,"_exactmetrics_sitenote_active":false,"_exactmetrics_sitenote_note":"","_exactmetrics_sitenote_category":0,"footnotes":""},"class_list":["post-1163","page","type-page","status-publish","hentry","no-post-thumbnail"],"_links":{"self":[{"href":"https:\/\/coachingandfamily.com\/fr\/wp-json\/wp\/v2\/pages\/1163","targetHints":{"allow":["GET"]}}],"collection":[{"href":"https:\/\/coachingandfamily.com\/fr\/wp-json\/wp\/v2\/pages"}],"about":[{"href":"https:\/\/coachingandfamily.com\/fr\/wp-json\/wp\/v2\/types\/page"}],"author":[{"embeddable":true,"href":"https:\/\/coachingandfamily.com\/fr\/wp-json\/wp\/v2\/users\/6"}],"replies":[{"embeddable":true,"href":"https:\/\/coachingandfamily.com\/fr\/wp-json\/wp\/v2\/comments?post=1163"}],"version-history":[{"count":8,"href":"https:\/\/coachingandfamily.com\/fr\/wp-json\/wp\/v2\/pages\/1163\/revisions"}],"predecessor-version":[{"id":1325,"href":"https:\/\/coachingandfamily.com\/fr\/wp-json\/wp\/v2\/pages\/1163\/revisions\/1325"}],"wp:attachment":[{"href":"https:\/\/coachingandfamily.com\/fr\/wp-json\/wp\/v2\/media?parent=1163"}],"curies":[{"name":"wp","href":"https:\/\/api.w.org\/{rel}","templated":true}]}}