{"id":1055,"date":"2021-05-21T14:12:30","date_gmt":"2021-05-21T14:12:30","guid":{"rendered":"http:\/\/coachingandfamily.com\/?page_id=1055"},"modified":"2021-06-11T14:18:22","modified_gmt":"2021-06-11T14:18:22","slug":"atelier-4-conflits-rivalites-dans-la-fratrie","status":"publish","type":"page","link":"https:\/\/coachingandfamily.com\/fr\/atelier-4-conflits-rivalites-dans-la-fratrie\/","title":{"rendered":"Atelier 4: Conflits, rivalit\u00e9s dans la fratrie"},"content":{"rendered":"<div id=\"cs-content\" class=\"cs-content\"><\/div>\n","protected":false},"excerpt":{"rendered":"<p>L\u2019atelier a pour objectif de transmettre aux parents les notions essentielles sur le fonctionnement d\u2019une fratrie, de les aider \u00e0 faire face aux jalousies et rivalit\u00e9s parmi fr\u00e8res et s\u0153urs. \u00c1 l\u2019aide des cl\u00e9s de la communication bienveillante et de l\u2019analyse des situations probl\u00e9matiques les parents pourront mieux g\u00e9rer les conflits dans la fratrie.Atelier no 4 Jalousie : Conflits, rivalit\u00e9s &#8230; <\/p>\n<div><a href=\"https:\/\/coachingandfamily.com\/fr\/atelier-4-conflits-rivalites-dans-la-fratrie\/\" class=\"more-link\">Read More<\/a><\/div>\n","protected":false},"author":3,"featured_media":898,"parent":0,"menu_order":0,"comment_status":"closed","ping_status":"closed","template":"template-blank-4.php","meta":{"_exactmetrics_skip_tracking":false,"_exactmetrics_sitenote_active":false,"_exactmetrics_sitenote_note":"","_exactmetrics_sitenote_category":0,"footnotes":""},"class_list":["post-1055","page","type-page","status-publish","has-post-thumbnail","hentry"],"_links":{"self":[{"href":"https:\/\/coachingandfamily.com\/fr\/wp-json\/wp\/v2\/pages\/1055","targetHints":{"allow":["GET"]}}],"collection":[{"href":"https:\/\/coachingandfamily.com\/fr\/wp-json\/wp\/v2\/pages"}],"about":[{"href":"https:\/\/coachingandfamily.com\/fr\/wp-json\/wp\/v2\/types\/page"}],"author":[{"embeddable":true,"href":"https:\/\/coachingandfamily.com\/fr\/wp-json\/wp\/v2\/users\/3"}],"replies":[{"embeddable":true,"href":"https:\/\/coachingandfamily.com\/fr\/wp-json\/wp\/v2\/comments?post=1055"}],"version-history":[{"count":4,"href":"https:\/\/coachingandfamily.com\/fr\/wp-json\/wp\/v2\/pages\/1055\/revisions"}],"predecessor-version":[{"id":1115,"href":"https:\/\/coachingandfamily.com\/fr\/wp-json\/wp\/v2\/pages\/1055\/revisions\/1115"}],"wp:featuredmedia":[{"embeddable":true,"href":"https:\/\/coachingandfamily.com\/fr\/wp-json\/wp\/v2\/media\/898"}],"wp:attachment":[{"href":"https:\/\/coachingandfamily.com\/fr\/wp-json\/wp\/v2\/media?parent=1055"}],"curies":[{"name":"wp","href":"https:\/\/api.w.org\/{rel}","templated":true}]}}