{"id":1052,"date":"2021-05-21T14:11:40","date_gmt":"2021-05-21T14:11:40","guid":{"rendered":"http:\/\/coachingandfamily.com\/?page_id=1052"},"modified":"2021-06-11T14:18:04","modified_gmt":"2021-06-11T14:18:04","slug":"atelier-3-ados-12-18-ans-2","status":"publish","type":"page","link":"https:\/\/coachingandfamily.com\/fr\/atelier-3-ados-12-18-ans-2\/","title":{"rendered":"Atelier 3 (ados, 12-18 ans)"},"content":{"rendered":"<div id=\"cs-content\" class=\"cs-content\"><\/div>\n","protected":false},"excerpt":{"rendered":"<p>L&rsquo;atelier a pour objectif de permettre aux parents de mieux comprendre ou vivre cette p\u00e9riode et de recr\u00e9er ou maintenir le lien, m\u00eame dans les situations d\u00e9licates.Atelier no 3 (ados, 12-18 ans) &laquo;&nbsp;Com&rsquo;@dos, l&rsquo;adolescence, choisissez vos batailles&nbsp;&raquo;Les principaux sujets de l\u2019atelier: Les transformations physiologiques &agrave; l&rsquo;adolescence particuli&egrave;rement au niveau du cerveau Les &eacute;motions et l&#8217;empathie. Simulation de situations &eacute;motionnellement difficiles &#8230; <\/p>\n<div><a href=\"https:\/\/coachingandfamily.com\/fr\/atelier-3-ados-12-18-ans-2\/\" class=\"more-link\">Read More<\/a><\/div>\n","protected":false},"author":3,"featured_media":893,"parent":0,"menu_order":0,"comment_status":"closed","ping_status":"closed","template":"template-blank-4.php","meta":{"_exactmetrics_skip_tracking":false,"_exactmetrics_sitenote_active":false,"_exactmetrics_sitenote_note":"","_exactmetrics_sitenote_category":0,"footnotes":""},"class_list":["post-1052","page","type-page","status-publish","has-post-thumbnail","hentry"],"_links":{"self":[{"href":"https:\/\/coachingandfamily.com\/fr\/wp-json\/wp\/v2\/pages\/1052","targetHints":{"allow":["GET"]}}],"collection":[{"href":"https:\/\/coachingandfamily.com\/fr\/wp-json\/wp\/v2\/pages"}],"about":[{"href":"https:\/\/coachingandfamily.com\/fr\/wp-json\/wp\/v2\/types\/page"}],"author":[{"embeddable":true,"href":"https:\/\/coachingandfamily.com\/fr\/wp-json\/wp\/v2\/users\/3"}],"replies":[{"embeddable":true,"href":"https:\/\/coachingandfamily.com\/fr\/wp-json\/wp\/v2\/comments?post=1052"}],"version-history":[{"count":3,"href":"https:\/\/coachingandfamily.com\/fr\/wp-json\/wp\/v2\/pages\/1052\/revisions"}],"predecessor-version":[{"id":1114,"href":"https:\/\/coachingandfamily.com\/fr\/wp-json\/wp\/v2\/pages\/1052\/revisions\/1114"}],"wp:featuredmedia":[{"embeddable":true,"href":"https:\/\/coachingandfamily.com\/fr\/wp-json\/wp\/v2\/media\/893"}],"wp:attachment":[{"href":"https:\/\/coachingandfamily.com\/fr\/wp-json\/wp\/v2\/media?parent=1052"}],"curies":[{"name":"wp","href":"https:\/\/api.w.org\/{rel}","templated":true}]}}