{"id":1049,"date":"2021-05-21T14:10:33","date_gmt":"2021-05-21T14:10:33","guid":{"rendered":"http:\/\/coachingandfamily.com\/?page_id=1049"},"modified":"2021-06-11T14:17:48","modified_gmt":"2021-06-11T14:17:48","slug":"atelier-3-ados-12-18-ans","status":"publish","type":"page","link":"https:\/\/coachingandfamily.com\/fr\/atelier-3-ados-12-18-ans\/","title":{"rendered":"Atelier 2 (Enfants 6-12 ans)"},"content":{"rendered":"<div id=\"cs-content\" class=\"cs-content\"><\/div>\n","protected":false},"excerpt":{"rendered":"<p>Cet atelier donne des cl\u00e9s de communication utilisables au quotidien par les parents, tout en leur permettant de d\u00e9velopper l\u2019intelligence \u00e9motionnelle et relationnelle des enfants.Atelier no 2 (Enfants 6-12 ans) &laquo; Comment faut-il que je te parle pour&#8230;que tu &eacute;coutes? &raquo;Les principaux sujets de l\u2019atelier: La d\u00e9couverte des stades cl\u00e9s du d\u00e9veloppement des enfants et du d\u00e9veloppement c\u00e9r\u00e9bral Comprendre le &#8230; <\/p>\n<div><a href=\"https:\/\/coachingandfamily.com\/fr\/atelier-3-ados-12-18-ans\/\" class=\"more-link\">Read More<\/a><\/div>\n","protected":false},"author":3,"featured_media":889,"parent":0,"menu_order":0,"comment_status":"closed","ping_status":"closed","template":"template-blank-4.php","meta":{"_exactmetrics_skip_tracking":false,"_exactmetrics_sitenote_active":false,"_exactmetrics_sitenote_note":"","_exactmetrics_sitenote_category":0,"footnotes":""},"class_list":["post-1049","page","type-page","status-publish","has-post-thumbnail","hentry"],"_links":{"self":[{"href":"https:\/\/coachingandfamily.com\/fr\/wp-json\/wp\/v2\/pages\/1049","targetHints":{"allow":["GET"]}}],"collection":[{"href":"https:\/\/coachingandfamily.com\/fr\/wp-json\/wp\/v2\/pages"}],"about":[{"href":"https:\/\/coachingandfamily.com\/fr\/wp-json\/wp\/v2\/types\/page"}],"author":[{"embeddable":true,"href":"https:\/\/coachingandfamily.com\/fr\/wp-json\/wp\/v2\/users\/3"}],"replies":[{"embeddable":true,"href":"https:\/\/coachingandfamily.com\/fr\/wp-json\/wp\/v2\/comments?post=1049"}],"version-history":[{"count":5,"href":"https:\/\/coachingandfamily.com\/fr\/wp-json\/wp\/v2\/pages\/1049\/revisions"}],"predecessor-version":[{"id":1113,"href":"https:\/\/coachingandfamily.com\/fr\/wp-json\/wp\/v2\/pages\/1049\/revisions\/1113"}],"wp:featuredmedia":[{"embeddable":true,"href":"https:\/\/coachingandfamily.com\/fr\/wp-json\/wp\/v2\/media\/889"}],"wp:attachment":[{"href":"https:\/\/coachingandfamily.com\/fr\/wp-json\/wp\/v2\/media?parent=1049"}],"curies":[{"name":"wp","href":"https:\/\/api.w.org\/{rel}","templated":true}]}}