{"id":1047,"date":"2021-05-21T14:07:05","date_gmt":"2021-05-21T14:07:05","guid":{"rendered":"http:\/\/coachingandfamily.com\/?page_id=1047"},"modified":"2021-06-11T14:17:35","modified_gmt":"2021-06-11T14:17:35","slug":"atelier-1-petite-enfance-0-6-ans","status":"publish","type":"page","link":"https:\/\/coachingandfamily.com\/fr\/atelier-1-petite-enfance-0-6-ans\/","title":{"rendered":"Atelier 1 (Petite enfance 0-6 ans)"},"content":{"rendered":"<div id=\"cs-content\" class=\"cs-content\"><\/div>\n","protected":false},"excerpt":{"rendered":"<p>La petite enfance est une p\u00e9riode bien particuli\u00e8re en termes de d\u00e9veloppement physique, physiologique et neurologique.\u00a0Ce cours fournit aux parents des cl\u00e9s pour utiliser des outils de communication efficaces et positifs, adapt\u00e9s \u00e0 l&rsquo;\u00e2ge de l&rsquo;enfant.Atelier no 1 (Petite enfance 0-6 ans) \u00ab Les mots qui font grandir \u00bbLes principaux sujets de l\u2019atelier: Le r&ocirc;le du parent, ses comp&eacute;tences et &#8230; <\/p>\n<div><a href=\"https:\/\/coachingandfamily.com\/fr\/atelier-1-petite-enfance-0-6-ans\/\" class=\"more-link\">Read More<\/a><\/div>\n","protected":false},"author":3,"featured_media":891,"parent":0,"menu_order":0,"comment_status":"closed","ping_status":"closed","template":"template-blank-4.php","meta":{"_exactmetrics_skip_tracking":false,"_exactmetrics_sitenote_active":false,"_exactmetrics_sitenote_note":"","_exactmetrics_sitenote_category":0,"footnotes":""},"class_list":["post-1047","page","type-page","status-publish","has-post-thumbnail","hentry"],"_links":{"self":[{"href":"https:\/\/coachingandfamily.com\/fr\/wp-json\/wp\/v2\/pages\/1047","targetHints":{"allow":["GET"]}}],"collection":[{"href":"https:\/\/coachingandfamily.com\/fr\/wp-json\/wp\/v2\/pages"}],"about":[{"href":"https:\/\/coachingandfamily.com\/fr\/wp-json\/wp\/v2\/types\/page"}],"author":[{"embeddable":true,"href":"https:\/\/coachingandfamily.com\/fr\/wp-json\/wp\/v2\/users\/3"}],"replies":[{"embeddable":true,"href":"https:\/\/coachingandfamily.com\/fr\/wp-json\/wp\/v2\/comments?post=1047"}],"version-history":[{"count":3,"href":"https:\/\/coachingandfamily.com\/fr\/wp-json\/wp\/v2\/pages\/1047\/revisions"}],"predecessor-version":[{"id":1112,"href":"https:\/\/coachingandfamily.com\/fr\/wp-json\/wp\/v2\/pages\/1047\/revisions\/1112"}],"wp:featuredmedia":[{"embeddable":true,"href":"https:\/\/coachingandfamily.com\/fr\/wp-json\/wp\/v2\/media\/891"}],"wp:attachment":[{"href":"https:\/\/coachingandfamily.com\/fr\/wp-json\/wp\/v2\/media?parent=1047"}],"curies":[{"name":"wp","href":"https:\/\/api.w.org\/{rel}","templated":true}]}}